{"id":104,"date":"2024-10-08T14:00:15","date_gmt":"2024-10-08T14:00:15","guid":{"rendered":"https:\/\/neu.birgitrieke.de\/?page_id=104"},"modified":"2024-11-04T07:30:45","modified_gmt":"2024-11-04T07:30:45","slug":"ueber-mich","status":"publish","type":"page","link":"https:\/\/birgitrieke.de\/index.php\/ueber-mich\/","title":{"rendered":"\u00dcber mich"},"content":{"rendered":"<p>[et_pb_section fb_built=&#8220;1&#8243; admin_label=&#8220;Mission&#8220; _builder_version=&#8220;4.27.2&#8243; _module_preset=&#8220;default&#8220; background_color=&#8220;#f9f2ed&#8220; background_enable_image=&#8220;off&#8220; custom_padding=&#8220;0px||||false|false&#8220; global_colors_info=&#8220;{}&#8220;][et_pb_row column_structure=&#8220;2_5,3_5&#8243; _builder_version=&#8220;4.27.2&#8243; _module_preset=&#8220;default&#8220; custom_padding=&#8220;0px||0px||false|false&#8220; box_shadow_style=&#8220;preset4&#8243; box_shadow_horizontal=&#8220;30vw&#8220; box_shadow_vertical=&#8220;0px&#8220; box_shadow_color=&#8220;#B44715&#8243; global_colors_info=&#8220;{}&#8220;][et_pb_column type=&#8220;2_5&#8243; _builder_version=&#8220;4.27.2&#8243; _module_preset=&#8220;default&#8220; global_colors_info=&#8220;{}&#8220;][\/et_pb_column][et_pb_column type=&#8220;3_5&#8243; _builder_version=&#8220;4.27.2&#8243; _module_preset=&#8220;default&#8220; background_color=&#8220;#B44715&#8243; transform_translate=&#8220;1px|0px&#8220; transform_translate_linked=&#8220;off&#8220; custom_padding=&#8220;2vw||2vw|4vw|true|false&#8220; custom_padding_tablet=&#8220;&#8220; custom_padding_phone=&#8220;|||8vw|true|false&#8220; custom_padding_last_edited=&#8220;on|desktop&#8220; global_colors_info=&#8220;{}&#8220;][et_pb_text _builder_version=&#8220;4.27.2&#8243; _module_preset=&#8220;default&#8220; header_font=&#8220;Crimson Text||||||||&#8220; header_font_size=&#8220;68px&#8220; background_layout=&#8220;dark&#8220; max_width=&#8220;750px&#8220; max_width_tablet=&#8220;&#8220; max_width_phone=&#8220;&#8220; max_width_last_edited=&#8220;on|phone&#8220; header_font_size_tablet=&#8220;60px&#8220; header_font_size_phone=&#8220;30px&#8220; header_font_size_last_edited=&#8220;on|phone&#8220; locked=&#8220;off&#8220; global_colors_info=&#8220;{}&#8220;]<\/p>\n<h1>\u00dcber mich<\/h1>\n<p>[\/et_pb_text][\/et_pb_column][\/et_pb_row][et_pb_row _builder_version=&#8220;4.27.2&#8243; _module_preset=&#8220;default&#8220; max_width=&#8220;1087px&#8220; module_alignment=&#8220;center&#8220; custom_padding=&#8220;48px|||||&#8220; locked=&#8220;off&#8220; global_colors_info=&#8220;{}&#8220;][et_pb_column type=&#8220;4_4&#8243; _builder_version=&#8220;4.16&#8243; _module_preset=&#8220;default&#8220; global_colors_info=&#8220;{}&#8220;][et_pb_text _builder_version=&#8220;4.27.2&#8243; _module_preset=&#8220;default&#8220; text_font=&#8220;Crimson Text||on||||||&#8220; text_text_color=&#8220;#B44715&#8243; text_font_size=&#8220;30px&#8220; text_letter_spacing=&#8220;5px&#8220; text_line_height=&#8220;1.6em&#8220; header_2_font=&#8220;Crimson Text||||||||&#8220; header_2_text_color=&#8220;#E09900&#8243; header_2_font_size=&#8220;65px&#8220; text_orientation=&#8220;center&#8220; module_alignment=&#8220;center&#8220; header_2_font_size_tablet=&#8220;42px&#8220; header_2_font_size_phone=&#8220;26px&#8220; header_2_font_size_last_edited=&#8220;on|phone&#8220; header_2_line_height_tablet=&#8220;&#8220; header_2_line_height_phone=&#8220;1.2em&#8220; header_2_line_height_last_edited=&#8220;on|phone&#8220; global_colors_info=&#8220;{}&#8220;]<\/p>\n<p align=\"left\" style=\"text-align: center;\">Die individuelle Unterst\u00fctzung jedes Menschen ist sehr erf\u00fcllend.<br \/>So erfahre ich immer wieder:\u00a0<br \/>\u201eJede\/r ist einzigartig und voller M\u00f6glichkeiten im Heilsein\u201c<\/p>\n<p align=\"left\" style=\"text-align: center;\">\n<p>[\/et_pb_text][\/et_pb_column][\/et_pb_row][et_pb_row column_structure=&#8220;1_2,1_2&#8243; _builder_version=&#8220;4.16&#8243; _module_preset=&#8220;default&#8220; custom_padding=&#8220;13px|||||&#8220; global_colors_info=&#8220;{}&#8220;][et_pb_column type=&#8220;1_2&#8243; _builder_version=&#8220;4.16&#8243; _module_preset=&#8220;default&#8220; custom_padding=&#8220;80px||||false|false&#8220; custom_padding_tablet=&#8220;0px||||false|false&#8220; custom_padding_phone=&#8220;&#8220; custom_padding_last_edited=&#8220;on|tablet&#8220; global_colors_info=&#8220;{}&#8220;][et_pb_text _builder_version=&#8220;4.27.2&#8243; _module_preset=&#8220;default&#8220; header_2_font=&#8220;Crimson Text||||||||&#8220; header_2_text_color=&#8220;#B44715&#8243; header_2_font_size=&#8220;80px&#8220; header_2_font_size_tablet=&#8220;42px&#8220; header_2_font_size_phone=&#8220;26px&#8220; header_2_font_size_last_edited=&#8220;on|phone&#8220; header_2_line_height_tablet=&#8220;&#8220; header_2_line_height_phone=&#8220;1.2em&#8220; header_2_line_height_last_edited=&#8220;on|phone&#8220; locked=&#8220;off&#8220; global_colors_info=&#8220;{}&#8220;]<\/p>\n<h2>Birgit Rieke<\/h2>\n<p>[\/et_pb_text][et_pb_text _builder_version=&#8220;4.27.2&#8243; _module_preset=&#8220;default&#8220; text_font=&#8220;Karla||||||||&#8220; text_font_size=&#8220;20px&#8220; text_line_height=&#8220;1.8em&#8220; text_font_size_tablet=&#8220;&#8220; text_font_size_phone=&#8220;14px&#8220; text_font_size_last_edited=&#8220;on|phone&#8220; locked=&#8220;off&#8220; global_colors_info=&#8220;{}&#8220;]<\/p>\n<ul>\n<li>Heilpraktikerin und Lebensphasenbegleiterin<\/li>\n<li>Seit 1990 in eigener Praxis<\/li>\n<li>2 erwachsene Kinder<\/li>\n<\/ul>\n<p style=\"text-align: justify;\">Im Schw\u00e4bischen geboren, interessierte ich mich schon fr\u00fch f\u00fcr das Thema Gesundheit.<\/p>\n<p style=\"text-align: justify;\">W\u00e4hrend meiner Ausbildung zur Physiotherapeutin kam ich dann bereits auch schon mit ganzheitlichen Therapieformen in Kontakt und zwar durch eigene sehr akute Wirbels\u00e4ulenschmerzen. Eine Freundin behandelte mich damals mit \u201ePhysioenergetik\u201c, eine wunderbare Diagnose \u2013 und Therapieform, die mich sofort faszinierte und da war es um mich geschehen.<\/p>\n<p>[\/et_pb_text][\/et_pb_column][et_pb_column type=&#8220;1_2&#8243; _builder_version=&#8220;4.16&#8243; _module_preset=&#8220;default&#8220; global_colors_info=&#8220;{}&#8220;][et_pb_image src=&#8220;https:\/\/birgitrieke.de\/wp-content\/uploads\/2024\/10\/Portrait-Foto-2.jpg&#8220; title_text=&#8220;Portrait &#8211; Foto (2)&#8220; _builder_version=&#8220;4.27.2&#8243; _module_preset=&#8220;default&#8220; custom_margin_last_edited=&#8220;off|desktop&#8220; border_width_all=&#8220;30px&#8220; border_color_all=&#8220;#ffffff&#8220; border_width_all_tablet=&#8220;&#8220; border_width_all_phone=&#8220;10px&#8220; border_width_all_last_edited=&#8220;on|phone&#8220; global_colors_info=&#8220;{}&#8220; custom_margin__hover_enabled=&#8220;off|hover&#8220;][\/et_pb_image][\/et_pb_column][\/et_pb_row][et_pb_row _builder_version=&#8220;4.27.2&#8243; _module_preset=&#8220;default&#8220; custom_padding=&#8220;0px|||||&#8220; global_colors_info=&#8220;{}&#8220;][et_pb_column type=&#8220;4_4&#8243; _builder_version=&#8220;4.27.2&#8243; _module_preset=&#8220;default&#8220; global_colors_info=&#8220;{}&#8220;][et_pb_text _builder_version=&#8220;4.27.2&#8243; _module_preset=&#8220;default&#8220; text_font=&#8220;Karla||||||||&#8220; text_font_size=&#8220;20px&#8220; text_line_height=&#8220;1.8em&#8220; text_font_size_tablet=&#8220;&#8220; text_font_size_phone=&#8220;14px&#8220; text_font_size_last_edited=&#8220;on|phone&#8220; locked=&#8220;off&#8220; global_colors_info=&#8220;{}&#8220;]<\/p>\n<p style=\"text-align: justify;\">Der Grundstein f\u00fcr zahlreiche z.T. mehrj\u00e4hrige Ausbildungen war gelegt.<\/p>\n<ul style=\"text-align: justify;\">\n<li><strong>Physioenergetik<\/strong>, auch <strong>Holistische Kinesiologie<\/strong> genannt<\/li>\n<li><strong>Craniosacrale Therapie<\/strong> und <strong>osteopathische Schmerztherapie<\/strong><\/li>\n<li><strong>Psychokinesiologie<\/strong><\/li>\n<li>mehrere langj\u00e4hrige <strong>Energie- und Heilerausbildungen<\/strong><\/li>\n<li><strong>versch. Naturheilverfahren<\/strong> wie u.a. <strong>Akupunktur, Ausleitungsverfahren<\/strong><\/li>\n<\/ul>\n<p style=\"text-align: justify;\">Durch eine innere Krise, die mich ziemlich stark durchsch\u00fcttelte kam ich in Kontakt mit dem \u201eAbgrund\u201c des Lebens und begleite nun, in meiner Praxis sehr gerne auch Menschen auf ihrem Lebensweg und durch Krisen.<\/p>\n<p style=\"text-align: justify;\">Momentan befinde ich mich in Ausbildung zur NeuSch\u00f6pfungs-Beraterin.<\/p>\n<p style=\"text-align: justify;\">Viele Jahre begleitete ich Sterbende ehrenamtlich im Hospizdienst Waldkirch.<br \/>Zusatz-Ausbildung: seelisch-spirituelle Sterbebegleitung<\/p>\n<p>[\/et_pb_text][\/et_pb_column][\/et_pb_row][\/et_pb_section][et_pb_section fb_built=&#8220;1&#8243; admin_label=&#8220;Header&#8220; _builder_version=&#8220;4.27.2&#8243; _module_preset=&#8220;default&#8220; background_image=&#8220;https:\/\/birgitrieke.de\/wp-content\/uploads\/2024\/10\/BackgroundkleinLogo.png&#8220; custom_padding=&#8220;0px||||false|false&#8220; global_colors_info=&#8220;{}&#8220;][et_pb_row _builder_version=&#8220;4.27.2&#8243; _module_preset=&#8220;default&#8220; max_width=&#8220;700px&#8220; custom_margin=&#8220;||||false|false&#8220; custom_padding=&#8220;96px|||||&#8220; global_colors_info=&#8220;{}&#8220;][et_pb_column type=&#8220;4_4&#8243; _builder_version=&#8220;4.16&#8243; _module_preset=&#8220;default&#8220; global_colors_info=&#8220;{}&#8220;][et_pb_text _builder_version=&#8220;4.27.2&#8243; _module_preset=&#8220;default&#8220; header_2_font=&#8220;Crimson Text||||||||&#8220; header_2_text_color=&#8220;#B44715&#8243; header_2_font_size=&#8220;80px&#8220; header_2_font_size_tablet=&#8220;42px&#8220; header_2_font_size_phone=&#8220;26px&#8220; header_2_font_size_last_edited=&#8220;on|phone&#8220; header_2_line_height_tablet=&#8220;&#8220; header_2_line_height_phone=&#8220;1.2em&#8220; header_2_line_height_last_edited=&#8220;on|phone&#8220; locked=&#8220;off&#8220; global_colors_info=&#8220;{}&#8220;]<\/p>\n<h2>Was mich bewegt<\/h2>\n<p>[\/et_pb_text][et_pb_text _builder_version=&#8220;4.27.2&#8243; _module_preset=&#8220;default&#8220; text_font=&#8220;Karla||||||||&#8220; text_font_size=&#8220;30px&#8220; text_line_height=&#8220;1.5em&#8220; text_font_size_tablet=&#8220;24px&#8220; text_font_size_phone=&#8220;20px&#8220; text_font_size_last_edited=&#8220;on|phone&#8220; global_colors_info=&#8220;{}&#8220;]<\/p>\n<p align=\"left\">Mehr und mehr erfahre ich, in wieviele \u201eWunder-werke\u201c wir eingebettet und vernetzt sind und dies l\u00e4sst mich staunen und mich erweitern.<\/p>\n<p align=\"left\">\n<p>[\/et_pb_text][et_pb_text _builder_version=&#8220;4.27.2&#8243; _module_preset=&#8220;default&#8220; text_font=&#8220;Karla||||||||&#8220; text_font_size=&#8220;20px&#8220; text_line_height=&#8220;1.8em&#8220; text_font_size_tablet=&#8220;&#8220; text_font_size_phone=&#8220;14px&#8220; text_font_size_last_edited=&#8220;on|phone&#8220; locked=&#8220;off&#8220; global_colors_info=&#8220;{}&#8220;]<\/p>\n<p align=\"left\" style=\"text-align: justify;\">Mehr und mehr erfahre ich, in wieviele \u201eWunderwerke\u201c wir eingebettet und vernetzt sind und dies l\u00e4sst mich staunen und mich erweitern.<\/p>\n<p align=\"left\" style=\"text-align: justify;\">Allein schon der K\u00f6rper in seiner anatomischen Struktur, seinen Regelsystemen z.B. Hirnzentren die, das komplexe Hormon-, Herzkreislauf-, Atem- und Nervensystem \u201ebeobachten\u201c und steuern uvm.<br \/>Dann die Zusammenh\u00e4nge von Gedanken, Gef\u00fchlen die bis hin zum K\u00f6rper wirken und dort unterst\u00fctzend oder hemmend wirken.<\/p>\n<p align=\"left\" style=\"text-align: justify;\">Sehr faszinierend und f\u00fcr den Kopf schon nicht mehr rational zu erkl\u00e4ren ist, dass wir genaugenommen Energie- und Frequenzwesen sind mit Energiek\u00f6rper (Aura) und Chakren; Organe, die unterschiedliche Energiefrequenzen haben,etc. All dies l\u00e4sst sich nat\u00fcrlich von der \u201everalteten\u201c Wissenschaft, die ausschlie\u00dflich das Materielle untersucht, nicht beobachten. (Sind wir Menschen denn leblose Materie?) Jedoch ist dies alles in der neuen Wissenschaft: in der Quantenphysik, in Frequenztechnologien schon Jahrzehnte bekannt und bewiesen.<\/p>\n<p align=\"left\" style=\"text-align: justify;\">Dass wir sogar mit dem ganzen Universum, einschlie\u00dflich Erde und einem h\u00f6heren BewusstSein verbunden und in Austausch sind, habe ich schon lange \u00fcber B\u00fccher und Weisheitslehren \u201egewusst\u201c, gleichwohl erfahre ich dies in meinem Innersten mehr und mehr \u2026 und dies er\u00f6ffnet so viel mehr Zugang und M\u00f6glichkeiten in meinem Leben und auch in den Unterst\u00fctzungen f\u00fcr andere.<\/p>\n<p align=\"left\" style=\"text-align: justify;\">Und so sp\u00fcre ich, dass ich genau am richtigen Platz bin und sinnerf\u00fcllt meine Bestimmung lebe. Da ist eine tiefe Dankbarkeit.<\/p>\n<p align=\"left\" style=\"text-align: justify;\">Gerne begleite ich Sie auf dem Weg Ihrer individuellen Heilung, in dieser so intensiven Zeit.<\/p>\n<p>[\/et_pb_text][\/et_pb_column][\/et_pb_row][\/et_pb_section][et_pb_section fb_built=&#8220;1&#8243; admin_label=&#8220;Footer&#8220; _builder_version=&#8220;4.27.2&#8243; _module_preset=&#8220;default&#8220; background_color=&#8220;#fbddb8&#8243; custom_padding=&#8220;||10px|||&#8220; global_module=&#8220;275&#8243; saved_tabs=&#8220;all&#8220; global_colors_info=&#8220;{}&#8220;][et_pb_row column_structure=&#8220;1_3,1_3,1_3&#8243; make_equal=&#8220;on&#8220; _builder_version=&#8220;4.27.2&#8243; _module_preset=&#8220;default&#8220; global_colors_info=&#8220;{}&#8220;][et_pb_column type=&#8220;1_3&#8243; _builder_version=&#8220;4.16&#8243; _module_preset=&#8220;default&#8220; global_colors_info=&#8220;{}&#8220;][et_pb_image src=&#8220;https:\/\/birgitrieke.de\/wp-content\/uploads\/2024\/10\/logoweb1.png&#8220; title_text=&#8220;logoweb1&#8243; _builder_version=&#8220;4.27.2&#8243; _module_preset=&#8220;default&#8220; custom_margin=&#8220;25px||||false|false&#8220; global_colors_info=&#8220;{}&#8220;][\/et_pb_image][\/et_pb_column][et_pb_column type=&#8220;1_3&#8243; _builder_version=&#8220;4.27.2&#8243; _module_preset=&#8220;default&#8220; background_color=&#8220;#B44715&#8243; custom_padding=&#8220;40px|30px|40px|30px|true|true&#8220; global_colors_info=&#8220;{}&#8220;][et_pb_blurb title=&#8220;Adresse&#8220; _builder_version=&#8220;4.27.2&#8243; _module_preset=&#8220;default&#8220; header_font=&#8220;Crimson Text||||||||&#8220; header_font_size=&#8220;24px&#8220; header_line_height=&#8220;1.5em&#8220; body_font=&#8220;Karla||||||||&#8220; body_font_size=&#8220;18px&#8220; background_layout=&#8220;dark&#8220; header_font_size_tablet=&#8220;20px&#8220; header_font_size_phone=&#8220;18px&#8220; header_font_size_last_edited=&#8220;on|phone&#8220; header_line_height_tablet=&#8220;&#8220; header_line_height_phone=&#8220;1.8em&#8220; header_line_height_last_edited=&#8220;on|phone&#8220; body_font_size_tablet=&#8220;&#8220; body_font_size_phone=&#8220;14px&#8220; body_font_size_last_edited=&#8220;on|phone&#8220; locked=&#8220;off&#8220; global_colors_info=&#8220;{}&#8220;]<\/p>\n<p>Birgit Rieke<br \/>Benzeng\u00e4\u00dfle 9<br \/>79183 Waldkirch<\/p>\n<p>[\/et_pb_blurb][\/et_pb_column][et_pb_column type=&#8220;1_3&#8243; _builder_version=&#8220;4.27.2&#8243; _module_preset=&#8220;default&#8220; custom_padding=&#8220;40px|30px|40px|30px|true|true&#8220; border_width_all=&#8220;3px&#8220; border_color_all=&#8220;#B44715&#8243; global_colors_info=&#8220;{}&#8220;][et_pb_blurb title=&#8220;Kontakt&#8220; _builder_version=&#8220;4.27.2&#8243; _module_preset=&#8220;default&#8220; header_font=&#8220;Crimson Text||||||||&#8220; header_text_color=&#8220;#B44715&#8243; header_font_size=&#8220;24px&#8220; header_line_height=&#8220;1.5em&#8220; body_font=&#8220;Karla||||||||&#8220; body_text_color=&#8220;#B44715&#8243; body_font_size=&#8220;18px&#8220; background_layout=&#8220;dark&#8220; header_font_size_tablet=&#8220;20px&#8220; header_font_size_phone=&#8220;18px&#8220; header_font_size_last_edited=&#8220;on|phone&#8220; header_line_height_tablet=&#8220;&#8220; header_line_height_phone=&#8220;1.8em&#8220; header_line_height_last_edited=&#8220;on|phone&#8220; body_font_size_tablet=&#8220;&#8220; body_font_size_phone=&#8220;14px&#8220; body_font_size_last_edited=&#8220;on|phone&#8220; locked=&#8220;off&#8220; global_colors_info=&#8220;{}&#8220;]<\/p>\n<p align=\"center\" style=\"text-align: left;\">Tel. 07681 &#8211; 49 37 388<br \/>E-Mail-Adresse: info[at]birgitrieke.de<\/p>\n<p>[\/et_pb_blurb][\/et_pb_column][\/et_pb_row][et_pb_row column_structure=&#8220;1_2,1_2&#8243; make_equal=&#8220;on&#8220; _builder_version=&#8220;4.27.2&#8243; _module_preset=&#8220;default&#8220; global_colors_info=&#8220;{}&#8220;][et_pb_column type=&#8220;1_2&#8243; _builder_version=&#8220;4.16&#8243; _module_preset=&#8220;default&#8220; global_colors_info=&#8220;{}&#8220;][et_pb_contact_form email=&#8220;info@birgitrieke.de&#8220; title=&#8220;Anmeldung zu meinem Newsletter&#8220; success_message=&#8220;Vielen Dank f\u00fcr Ihre Anmeldung. Ihre Daten werde ich selbstverst\u00e4ndlich vertraulich behandeln. &#8220; submit_button_text=&#8220;Anmelden&#8220; _builder_version=&#8220;4.27.2&#8243; _module_preset=&#8220;default&#8220; _unique_id=&#8220;fcb7e702-da40-497c-8ebf-7bf1de1fc420&#8243; form_field_background_color=&#8220;#FFFFFF&#8220; form_field_text_color=&#8220;#B44715&#8243; title_font=&#8220;Crimson Text|600|||||||&#8220; title_text_color=&#8220;#B44715&#8243; captcha_font=&#8220;Karla||||||||&#8220; captcha_text_color=&#8220;#B44715&#8243; captcha_font_size=&#8220;14px&#8220; form_field_font=&#8220;Karla||||||||&#8220; form_field_line_height=&#8220;1.4em&#8220; custom_button=&#8220;on&#8220; button_text_size=&#8220;15px&#8220; button_text_color=&#8220;#FFFFFF&#8220; button_bg_color=&#8220;#B44715&#8243; button_border_width=&#8220;0px&#8220; button_border_radius=&#8220;2px&#8220; button_font=&#8220;Karla|||on|||||&#8220; width=&#8220;100%&#8220; global_colors_info=&#8220;{}&#8220;][et_pb_contact_field field_id=&#8220;Name&#8220; field_title=&#8220;Name&#8220; _builder_version=&#8220;4.16&#8243; global_colors_info=&#8220;{}&#8220; button_text_size__hover_enabled=&#8220;off&#8220; button_one_text_size__hover_enabled=&#8220;off&#8220; button_two_text_size__hover_enabled=&#8220;off&#8220; button_text_color__hover_enabled=&#8220;off&#8220; button_one_text_color__hover_enabled=&#8220;off&#8220; button_two_text_color__hover_enabled=&#8220;off&#8220; button_border_width__hover_enabled=&#8220;off&#8220; button_one_border_width__hover_enabled=&#8220;off&#8220; button_two_border_width__hover_enabled=&#8220;off&#8220; button_border_color__hover_enabled=&#8220;off&#8220; button_one_border_color__hover_enabled=&#8220;off&#8220; button_two_border_color__hover_enabled=&#8220;off&#8220; button_border_radius__hover_enabled=&#8220;off&#8220; button_one_border_radius__hover_enabled=&#8220;off&#8220; button_two_border_radius__hover_enabled=&#8220;off&#8220; button_letter_spacing__hover_enabled=&#8220;off&#8220; button_one_letter_spacing__hover_enabled=&#8220;off&#8220; button_two_letter_spacing__hover_enabled=&#8220;off&#8220; button_bg_color__hover_enabled=&#8220;off&#8220; button_one_bg_color__hover_enabled=&#8220;off&#8220; button_two_bg_color__hover_enabled=&#8220;off&#8220;][\/et_pb_contact_field][et_pb_contact_field field_id=&#8220;Email&#8220; field_title=&#8220;E-Mail-Adresse&#8220; field_type=&#8220;email&#8220; _builder_version=&#8220;4.16&#8243; global_colors_info=&#8220;{}&#8220; button_text_size__hover_enabled=&#8220;off&#8220; button_one_text_size__hover_enabled=&#8220;off&#8220; button_two_text_size__hover_enabled=&#8220;off&#8220; button_text_color__hover_enabled=&#8220;off&#8220; button_one_text_color__hover_enabled=&#8220;off&#8220; button_two_text_color__hover_enabled=&#8220;off&#8220; button_border_width__hover_enabled=&#8220;off&#8220; button_one_border_width__hover_enabled=&#8220;off&#8220; button_two_border_width__hover_enabled=&#8220;off&#8220; button_border_color__hover_enabled=&#8220;off&#8220; button_one_border_color__hover_enabled=&#8220;off&#8220; button_two_border_color__hover_enabled=&#8220;off&#8220; button_border_radius__hover_enabled=&#8220;off&#8220; button_one_border_radius__hover_enabled=&#8220;off&#8220; button_two_border_radius__hover_enabled=&#8220;off&#8220; button_letter_spacing__hover_enabled=&#8220;off&#8220; button_one_letter_spacing__hover_enabled=&#8220;off&#8220; button_two_letter_spacing__hover_enabled=&#8220;off&#8220; button_bg_color__hover_enabled=&#8220;off&#8220; button_one_bg_color__hover_enabled=&#8220;off&#8220; button_two_bg_color__hover_enabled=&#8220;off&#8220;][\/et_pb_contact_field][\/et_pb_contact_form][\/et_pb_column][et_pb_column type=&#8220;1_2&#8243; _builder_version=&#8220;4.16&#8243; _module_preset=&#8220;default&#8220; global_colors_info=&#8220;{}&#8220;][et_pb_blurb content_max_width=&#8220;1100px&#8220; _builder_version=&#8220;4.27.2&#8243; _module_preset=&#8220;default&#8220; header_font=&#8220;Crimson Text||||||||&#8220; header_text_color=&#8220;#B44715&#8243; header_font_size=&#8220;24px&#8220; header_line_height=&#8220;1.5em&#8220; body_font=&#8220;Karla||||||||&#8220; body_text_color=&#8220;#B44715&#8243; body_font_size=&#8220;18px&#8220; background_layout=&#8220;dark&#8220; header_font_size_tablet=&#8220;20px&#8220; header_font_size_phone=&#8220;18px&#8220; header_font_size_last_edited=&#8220;on|phone&#8220; header_line_height_tablet=&#8220;&#8220; header_line_height_phone=&#8220;1.8em&#8220; header_line_height_last_edited=&#8220;on|phone&#8220; body_font_size_tablet=&#8220;&#8220; body_font_size_phone=&#8220;14px&#8220; body_font_size_last_edited=&#8220;on|phone&#8220; locked=&#8220;off&#8220; global_colors_info=&#8220;{}&#8220;]<\/p>\n<p style=\"text-align: justify;\">Terminabsprachen bzw. R\u00fccksprachen erteile ich am liebsten telefonisch unter der <strong>Tel.-Nr. 07681- 493 73 88<\/strong>.<\/p>\n<p style=\"text-align: justify;\">Bitte legen Sie nicht auf, falls Sie mich nicht pers\u00f6nlich erreichen, da ich in der Regel w\u00e4hrend laufender Behandlungen im Sinne der Patienten nicht ans Telefon gehe. Hinterlassen Sie dann bitte auf dem Anrufbeantworter eine Nachricht mit Ihrem Namen, Ihrer Rufnummer und wann ich Sie am besten zur\u00fcckrufen kann.<\/p>\n<p>[\/et_pb_blurb][\/et_pb_column][\/et_pb_row][\/et_pb_section]<\/p>\n","protected":false},"excerpt":{"rendered":"<p>\u00dcber michDie individuelle Unterst\u00fctzung jedes Menschen ist sehr erf\u00fcllend.So erfahre ich immer wieder:\u00a0\u201eJede\/r ist einzigartig und voller M\u00f6glichkeiten im Heilsein\u201c Birgit Rieke Heilpraktikerin und Lebensphasenbegleiterin Seit 1990 in eigener Praxis 2 erwachsene Kinder Im Schw\u00e4bischen geboren, interessierte ich mich schon fr\u00fch f\u00fcr das Thema Gesundheit. W\u00e4hrend meiner Ausbildung zur Physiotherapeutin kam ich dann bereits auch [&hellip;]<\/p>\n","protected":false},"author":1,"featured_media":0,"parent":0,"menu_order":0,"comment_status":"closed","ping_status":"closed","template":"","meta":{"_et_pb_use_builder":"on","_et_pb_old_content":"","_et_gb_content_width":"","footnotes":""},"class_list":["post-104","page","type-page","status-publish","hentry"],"_links":{"self":[{"href":"https:\/\/birgitrieke.de\/index.php\/wp-json\/wp\/v2\/pages\/104","targetHints":{"allow":["GET"]}}],"collection":[{"href":"https:\/\/birgitrieke.de\/index.php\/wp-json\/wp\/v2\/pages"}],"about":[{"href":"https:\/\/birgitrieke.de\/index.php\/wp-json\/wp\/v2\/types\/page"}],"author":[{"embeddable":true,"href":"https:\/\/birgitrieke.de\/index.php\/wp-json\/wp\/v2\/users\/1"}],"replies":[{"embeddable":true,"href":"https:\/\/birgitrieke.de\/index.php\/wp-json\/wp\/v2\/comments?post=104"}],"version-history":[{"count":13,"href":"https:\/\/birgitrieke.de\/index.php\/wp-json\/wp\/v2\/pages\/104\/revisions"}],"predecessor-version":[{"id":480,"href":"https:\/\/birgitrieke.de\/index.php\/wp-json\/wp\/v2\/pages\/104\/revisions\/480"}],"wp:attachment":[{"href":"https:\/\/birgitrieke.de\/index.php\/wp-json\/wp\/v2\/media?parent=104"}],"curies":[{"name":"wp","href":"https:\/\/api.w.org\/{rel}","templated":true}]}}