{"id":177,"date":"2024-10-09T12:25:42","date_gmt":"2024-10-09T12:25:42","guid":{"rendered":"https:\/\/neu.birgitrieke.de\/?page_id=177"},"modified":"2024-10-25T15:20:46","modified_gmt":"2024-10-25T15:20:46","slug":"philosophie","status":"publish","type":"page","link":"https:\/\/birgitrieke.de\/index.php\/philosophie\/","title":{"rendered":"Philosophie"},"content":{"rendered":"<p>[et_pb_section fb_built=&#8220;1&#8243; admin_label=&#8220;Classes&#8220; module_id=&#8220;therapie&#8220; _builder_version=&#8220;4.27.2&#8243; _module_preset=&#8220;default&#8220; background_color=&#8220;#f9f2ed&#8220; custom_padding=&#8220;1px||||false|false&#8220; global_colors_info=&#8220;{}&#8220;][et_pb_row column_structure=&#8220;2_5,3_5&#8243; _builder_version=&#8220;4.27.2&#8243; _module_preset=&#8220;default&#8220; custom_padding=&#8220;0px||0px||false|false&#8220; box_shadow_style=&#8220;preset4&#8243; box_shadow_horizontal=&#8220;30vw&#8220; box_shadow_vertical=&#8220;0px&#8220; box_shadow_color=&#8220;#B44715&#8243; global_colors_info=&#8220;{}&#8220;][et_pb_column type=&#8220;2_5&#8243; _builder_version=&#8220;4.27.2&#8243; _module_preset=&#8220;default&#8220; global_colors_info=&#8220;{}&#8220;][\/et_pb_column][et_pb_column type=&#8220;3_5&#8243; _builder_version=&#8220;4.27.2&#8243; _module_preset=&#8220;default&#8220; background_color=&#8220;#B44715&#8243; transform_translate=&#8220;1px|0px&#8220; transform_translate_linked=&#8220;off&#8220; custom_padding=&#8220;2vw||2vw|4vw|true|false&#8220; custom_padding_tablet=&#8220;&#8220; custom_padding_phone=&#8220;|||8vw|true|false&#8220; custom_padding_last_edited=&#8220;on|desktop&#8220; global_colors_info=&#8220;{}&#8220;][et_pb_text _builder_version=&#8220;4.27.2&#8243; _module_preset=&#8220;default&#8220; header_font=&#8220;Crimson Text||||||||&#8220; header_font_size=&#8220;68px&#8220; background_layout=&#8220;dark&#8220; max_width=&#8220;750px&#8220; max_width_tablet=&#8220;&#8220; max_width_phone=&#8220;&#8220; max_width_last_edited=&#8220;on|phone&#8220; header_font_size_tablet=&#8220;60px&#8220; header_font_size_phone=&#8220;30px&#8220; header_font_size_last_edited=&#8220;on|phone&#8220; locked=&#8220;off&#8220; global_colors_info=&#8220;{}&#8220;]<\/p>\n<h1>Philosophie<\/h1>\n<p>[\/et_pb_text][\/et_pb_column][\/et_pb_row][\/et_pb_section][et_pb_section fb_built=&#8220;1&#8243; admin_label=&#8220;Mission&#8220; _builder_version=&#8220;4.27.2&#8243; _module_preset=&#8220;default&#8220; background_color=&#8220;#F9F2ED&#8220; background_enable_image=&#8220;off&#8220; parallax=&#8220;on&#8220; custom_padding=&#8220;1vw||1vw||true|false&#8220; global_colors_info=&#8220;{}&#8220;][et_pb_row column_structure=&#8220;3_5,2_5&#8243; _builder_version=&#8220;4.27.2&#8243; _module_preset=&#8220;default&#8220; global_colors_info=&#8220;{}&#8220;][et_pb_column type=&#8220;3_5&#8243; _builder_version=&#8220;4.27.2&#8243; _module_preset=&#8220;default&#8220; custom_padding=&#8220;0px||||false|false&#8220; custom_padding_tablet=&#8220;0px||||false|false&#8220; custom_padding_phone=&#8220;&#8220; custom_padding_last_edited=&#8220;on|tablet&#8220; global_colors_info=&#8220;{}&#8220;][et_pb_text _builder_version=&#8220;4.27.2&#8243; _module_preset=&#8220;default&#8220; header_2_font=&#8220;Crimson Text||||||||&#8220; header_2_text_color=&#8220;#B44715&#8243; header_2_font_size=&#8220;65px&#8220; header_2_font_size_tablet=&#8220;42px&#8220; header_2_font_size_phone=&#8220;26px&#8220; header_2_font_size_last_edited=&#8220;on|phone&#8220; header_2_line_height_tablet=&#8220;&#8220; header_2_line_height_phone=&#8220;1.2em&#8220; header_2_line_height_last_edited=&#8220;on|phone&#8220; locked=&#8220;off&#8220; global_colors_info=&#8220;{}&#8220;]<\/p>\n<h2>Ganzheitliche Therapie<\/h2>\n<p>[\/et_pb_text][et_pb_text _builder_version=&#8220;4.27.2&#8243; _module_preset=&#8220;default&#8220; text_font=&#8220;Karla||||||||&#8220; text_font_size=&#8220;19px&#8220; text_line_height=&#8220;1.8em&#8220; header_font=&#8220;Crimson Text||||||||&#8220; header_text_color=&#8220;#B44715&#8243; header_font_size=&#8220;34px&#8220; header_2_font=&#8220;Crimson Text||||||||&#8220; header_2_text_color=&#8220;#B44715&#8243; header_2_font_size=&#8220;28px&#8220; text_orientation=&#8220;center&#8220; custom_margin=&#8220;||-8px||false|false&#8220; text_font_size_tablet=&#8220;19px&#8220; text_font_size_phone=&#8220;14px&#8220; text_font_size_last_edited=&#8220;on|phone&#8220; locked=&#8220;off&#8220; global_colors_info=&#8220;{}&#8220;]<\/p>\n<p align=\"left\" style=\"text-align: justify;\">Ganzheitliche Unterst\u00fctzung orientiert sich daran die Selbstheilkr\u00e4fte unseres wunderbaren K\u00f6rpers zu f\u00f6rdern, damit wieder Fluss, Regeneration und somit echte Heilung geschieht.<\/p>\n<p align=\"left\" style=\"text-align: justify;\">Jede\/r von uns hat eine K\u00f6rperintelligenz. Diese ist grunds\u00e4tzlich so angelegt, dass sie immer bestrebt ist, zu unserem gr\u00f6\u00dftm\u00f6glichen Wohl zu wirken und unseren Lebensfluss zu unterst\u00fctzen.<\/p>\n<p align=\"left\" style=\"text-align: justify;\">Sind jedoch gr\u00f6\u00dfere Defizite, Blockaden, Energieflussst\u00f6rungen in unserem System, so kommt diese K\u00f6rperintelligenz mit ihren inneren Heilkr\u00e4ften an ihre Grenze. Nun ist es entscheidend, dass wir nach M\u00f6glichkeit wichtige Schl\u00fcssel und Weichen erkennen, wie wir diese Blockaden, Giftstoffe, Defizite usw. l\u00f6sen und in Bewegung bringen \u2026 so dass dann die Selbstheilkr\u00e4fte wieder greifen k\u00f6nnen und unser Leben und K\u00f6rper in einen gesunden Fluss kommt.<\/p>\n<p align=\"left\" style=\"text-align: justify;\">Wichtig zu wissen ist, dass wir einzelne Symptombereiche nicht isoliert betrachten, sondern im Zusammenhang mit anderen K\u00f6rperbereichen bzw. Symptomen sehen k\u00f6nnen \u2013 und auch, dass unsere Lebenshaltung, Emotionen, innere Themen, mitunter eine entscheidende Rolle spielen k\u00f6nnen.<\/p>\n<p align=\"left\" style=\"text-align: justify;\">Hier ist das Diagnose- und Therapieverfahren Physioenergetik \u2013 Holistische Kinesiologie ein wichtiger Pfeiler in meiner Praxis.<\/p>\n<p>[\/et_pb_text][\/et_pb_column][et_pb_column type=&#8220;2_5&#8243; _builder_version=&#8220;4.27.2&#8243; _module_preset=&#8220;default&#8220; global_colors_info=&#8220;{}&#8220;][et_pb_image src=&#8220;https:\/\/birgitrieke.de\/wp-content\/uploads\/2024\/10\/Natur-9.jpg&#8220; title_text=&#8220;Natur 9&#8243; _builder_version=&#8220;4.27.2&#8243; _module_preset=&#8220;default&#8220; width=&#8220;100%&#8220; custom_margin=&#8220;116px|||||&#8220; custom_margin_last_edited=&#8220;off|desktop&#8220; border_color_all=&#8220;#ffffff&#8220; border_width_all_tablet=&#8220;&#8220; border_width_all_phone=&#8220;10px&#8220; border_width_all_last_edited=&#8220;on|phone&#8220; global_colors_info=&#8220;{}&#8220; custom_margin__hover_enabled=&#8220;off|hover&#8220;][\/et_pb_image][\/et_pb_column][\/et_pb_row][et_pb_row column_structure=&#8220;3_5,2_5&#8243; _builder_version=&#8220;4.27.2&#8243; _module_preset=&#8220;default&#8220; custom_padding=&#8220;66px|||||&#8220; global_colors_info=&#8220;{}&#8220;][et_pb_column type=&#8220;3_5&#8243; _builder_version=&#8220;4.27.2&#8243; _module_preset=&#8220;default&#8220; custom_padding=&#8220;0px||||false|false&#8220; custom_padding_tablet=&#8220;0px||||false|false&#8220; custom_padding_phone=&#8220;&#8220; custom_padding_last_edited=&#8220;on|tablet&#8220; global_colors_info=&#8220;{}&#8220;][et_pb_text _builder_version=&#8220;4.27.2&#8243; _module_preset=&#8220;default&#8220; header_2_font=&#8220;Crimson Text||||||||&#8220; header_2_text_color=&#8220;#B44715&#8243; header_2_font_size=&#8220;65px&#8220; header_2_font_size_tablet=&#8220;42px&#8220; header_2_font_size_phone=&#8220;26px&#8220; header_2_font_size_last_edited=&#8220;on|phone&#8220; header_2_line_height_tablet=&#8220;&#8220; header_2_line_height_phone=&#8220;1.2em&#8220; header_2_line_height_last_edited=&#8220;on|phone&#8220; locked=&#8220;off&#8220; global_colors_info=&#8220;{}&#8220;]<\/p>\n<h2>Entscheidender Faktor<\/h2>\n<p>[\/et_pb_text][et_pb_text _builder_version=&#8220;4.27.2&#8243; _module_preset=&#8220;default&#8220; text_font=&#8220;Karla||||||||&#8220; text_font_size=&#8220;19px&#8220; text_line_height=&#8220;1.8em&#8220; header_font=&#8220;Crimson Text||||||||&#8220; header_text_color=&#8220;#B44715&#8243; header_font_size=&#8220;34px&#8220; header_2_font=&#8220;Crimson Text||||||||&#8220; header_2_text_color=&#8220;#B44715&#8243; header_2_font_size=&#8220;28px&#8220; text_orientation=&#8220;center&#8220; custom_margin=&#8220;||-8px||false|false&#8220; text_font_size_tablet=&#8220;19px&#8220; text_font_size_phone=&#8220;14px&#8220; text_font_size_last_edited=&#8220;on|phone&#8220; locked=&#8220;off&#8220; global_colors_info=&#8220;{}&#8220;]<\/p>\n<p align=\"left\" style=\"text-align: justify;\">Ein entscheidender Faktor f\u00fcr jede Heilung ist es, welche innere Haltung und \u00e4u\u00dfere Umsetzung wir selbst haben<\/p>\n<ul style=\"text-align: justify;\">\n<li>\n<p align=\"left\"><span style=\"color: #b44715;\"><strong>Geben wir die Verantwortung ab<\/strong><\/span>, lassen andere machen, tragen nichts Eigenes bei. Wollen wir das Symptom einfach nur los sein?<\/p>\n<p>+ Sind andere \u201eSchuld\u201c an unserem Zustand: die Eltern (vererbt), der Beruf, der Stress, oder gar der \u201eb\u00f6se\u201c K\u00f6rper? Haben wir also nichts damit zu tun \u2026 sind scheinbar dem allem ausgeliefert?<\/p>\n<p>+ Unterdr\u00fccken, bek\u00e4mpfen wir Symptome mit lebensfeindlichen Stoffen (Chemie)?<\/p>\n<p><span style=\"color: #b44715;\"><strong>O d e r<\/strong><\/span><\/p>\n<\/li>\n<\/ul>\n<ul style=\"text-align: justify;\">\n<li>\n<p align=\"left\"><span style=\"color: #b44715;\"><strong>\u00dcbernehmen wir Verantwortung<\/strong>,<\/span> schauen wir, was uns die Erkrankung evt. zu sagen hat?<\/p>\n<\/li>\n<\/ul>\n<p align=\"left\" style=\"text-align: justify;\">+ Ver\u00e4ndern wir unsere Lebensweise ? \u2013 Bewegung &#8211; Essen- berufliche, famili\u00e4re Situation<\/p>\n<p align=\"left\" style=\"text-align: justify;\">+ Bauen wir in unserem Leben Freir\u00e4ume ein, in denen wir uns in Ruhe sp\u00fcren k\u00f6nnen, die Gedanken in den Hintergrund treten d\u00fcrfen und wir das JETZT genie\u00dfen?<\/p>\n<p align=\"left\" style=\"text-align: justify;\">+ Suchen wir Unterst\u00fctzung durch Therapien die unseren K\u00f6rper, Geist, Seele n\u00e4hren und die Selbstheilung?<\/p>\n<p>[\/et_pb_text][\/et_pb_column][et_pb_column type=&#8220;2_5&#8243; _builder_version=&#8220;4.27.2&#8243; _module_preset=&#8220;default&#8220; global_colors_info=&#8220;{}&#8220;][et_pb_image src=&#8220;https:\/\/birgitrieke.de\/wp-content\/uploads\/2024\/10\/photocase522986357536.jpg&#8220; title_text=&#8220;photocase522986357536&#8243; _builder_version=&#8220;4.27.2&#8243; _module_preset=&#8220;default&#8220; width=&#8220;100%&#8220; custom_margin=&#8220;111px|||||&#8220; custom_margin_last_edited=&#8220;off|desktop&#8220; border_color_all=&#8220;#ffffff&#8220; border_width_all_tablet=&#8220;&#8220; border_width_all_phone=&#8220;10px&#8220; border_width_all_last_edited=&#8220;on|phone&#8220; global_colors_info=&#8220;{}&#8220; custom_margin__hover_enabled=&#8220;off|hover&#8220;][\/et_pb_image][\/et_pb_column][\/et_pb_row][\/et_pb_section][et_pb_section fb_built=&#8220;1&#8243; admin_label=&#8220;Footer&#8220; _builder_version=&#8220;4.27.2&#8243; _module_preset=&#8220;default&#8220; background_color=&#8220;#fbddb8&#8243; custom_padding=&#8220;||10px|||&#8220; global_module=&#8220;275&#8243; saved_tabs=&#8220;all&#8220; global_colors_info=&#8220;{}&#8220;][et_pb_row column_structure=&#8220;1_3,1_3,1_3&#8243; make_equal=&#8220;on&#8220; _builder_version=&#8220;4.27.2&#8243; _module_preset=&#8220;default&#8220; global_colors_info=&#8220;{}&#8220;][et_pb_column type=&#8220;1_3&#8243; _builder_version=&#8220;4.16&#8243; _module_preset=&#8220;default&#8220; global_colors_info=&#8220;{}&#8220;][et_pb_image src=&#8220;https:\/\/birgitrieke.de\/wp-content\/uploads\/2024\/10\/logoweb1.png&#8220; title_text=&#8220;logoweb1&#8243; _builder_version=&#8220;4.27.2&#8243; _module_preset=&#8220;default&#8220; custom_margin=&#8220;25px||||false|false&#8220; global_colors_info=&#8220;{}&#8220;][\/et_pb_image][\/et_pb_column][et_pb_column type=&#8220;1_3&#8243; _builder_version=&#8220;4.27.2&#8243; _module_preset=&#8220;default&#8220; background_color=&#8220;#B44715&#8243; custom_padding=&#8220;40px|30px|40px|30px|true|true&#8220; global_colors_info=&#8220;{}&#8220;][et_pb_blurb title=&#8220;Adresse&#8220; _builder_version=&#8220;4.27.2&#8243; _module_preset=&#8220;default&#8220; header_font=&#8220;Crimson Text||||||||&#8220; header_font_size=&#8220;24px&#8220; header_line_height=&#8220;1.5em&#8220; body_font=&#8220;Karla||||||||&#8220; body_font_size=&#8220;18px&#8220; background_layout=&#8220;dark&#8220; header_font_size_tablet=&#8220;20px&#8220; header_font_size_phone=&#8220;18px&#8220; header_font_size_last_edited=&#8220;on|phone&#8220; header_line_height_tablet=&#8220;&#8220; header_line_height_phone=&#8220;1.8em&#8220; header_line_height_last_edited=&#8220;on|phone&#8220; body_font_size_tablet=&#8220;&#8220; body_font_size_phone=&#8220;14px&#8220; body_font_size_last_edited=&#8220;on|phone&#8220; locked=&#8220;off&#8220; global_colors_info=&#8220;{}&#8220;]<\/p>\n<p>Birgit Rieke<br \/>Benzeng\u00e4\u00dfle 9<br \/>79183 Waldkirch<\/p>\n<p>[\/et_pb_blurb][\/et_pb_column][et_pb_column type=&#8220;1_3&#8243; _builder_version=&#8220;4.27.2&#8243; _module_preset=&#8220;default&#8220; custom_padding=&#8220;40px|30px|40px|30px|true|true&#8220; border_width_all=&#8220;3px&#8220; border_color_all=&#8220;#B44715&#8243; global_colors_info=&#8220;{}&#8220;][et_pb_blurb title=&#8220;Kontakt&#8220; _builder_version=&#8220;4.27.2&#8243; _module_preset=&#8220;default&#8220; header_font=&#8220;Crimson Text||||||||&#8220; header_text_color=&#8220;#B44715&#8243; header_font_size=&#8220;24px&#8220; header_line_height=&#8220;1.5em&#8220; body_font=&#8220;Karla||||||||&#8220; body_text_color=&#8220;#B44715&#8243; body_font_size=&#8220;18px&#8220; background_layout=&#8220;dark&#8220; header_font_size_tablet=&#8220;20px&#8220; header_font_size_phone=&#8220;18px&#8220; header_font_size_last_edited=&#8220;on|phone&#8220; header_line_height_tablet=&#8220;&#8220; header_line_height_phone=&#8220;1.8em&#8220; header_line_height_last_edited=&#8220;on|phone&#8220; body_font_size_tablet=&#8220;&#8220; body_font_size_phone=&#8220;14px&#8220; body_font_size_last_edited=&#8220;on|phone&#8220; locked=&#8220;off&#8220; global_colors_info=&#8220;{}&#8220;]<\/p>\n<p align=\"center\" style=\"text-align: left;\">Tel. 07681 &#8211; 49 37 388<br \/>E-Mail-Adresse: info[at]birgitrieke.de<\/p>\n<p>[\/et_pb_blurb][\/et_pb_column][\/et_pb_row][et_pb_row column_structure=&#8220;1_2,1_2&#8243; make_equal=&#8220;on&#8220; _builder_version=&#8220;4.27.2&#8243; _module_preset=&#8220;default&#8220; global_colors_info=&#8220;{}&#8220;][et_pb_column type=&#8220;1_2&#8243; _builder_version=&#8220;4.16&#8243; _module_preset=&#8220;default&#8220; global_colors_info=&#8220;{}&#8220;][et_pb_contact_form email=&#8220;info@birgit-rieke.de&#8220; title=&#8220;Anmeldung zu meinem Newsletter&#8220; custom_message=&#8220;Newsletter Anmeldung &#8220; success_message=&#8220;Vielen Dank f\u00fcr Ihre Anmeldung. Ihre Daten werde ich selbstverst\u00e4ndlich vertraulich behandeln. &#8220; submit_button_text=&#8220;Anmelden&#8220; _builder_version=&#8220;4.27.2&#8243; _module_preset=&#8220;default&#8220; _unique_id=&#8220;fcb7e702-da40-497c-8ebf-7bf1de1fc420&#8243; form_field_background_color=&#8220;#FFFFFF&#8220; form_field_text_color=&#8220;#B44715&#8243; title_font=&#8220;Crimson Text|600|||||||&#8220; title_text_color=&#8220;#B44715&#8243; captcha_font=&#8220;Karla||||||||&#8220; captcha_text_color=&#8220;#B44715&#8243; captcha_font_size=&#8220;14px&#8220; form_field_font=&#8220;Karla||||||||&#8220; form_field_line_height=&#8220;1.4em&#8220; custom_button=&#8220;on&#8220; button_text_size=&#8220;15px&#8220; button_text_color=&#8220;#FFFFFF&#8220; button_bg_color=&#8220;#B44715&#8243; button_border_width=&#8220;0px&#8220; button_border_radius=&#8220;2px&#8220; button_font=&#8220;Karla|||on|||||&#8220; width=&#8220;100%&#8220; global_colors_info=&#8220;{}&#8220;][et_pb_contact_field field_id=&#8220;Name&#8220; field_title=&#8220;Name&#8220; _builder_version=&#8220;4.16&#8243; global_colors_info=&#8220;{}&#8220; button_text_size__hover_enabled=&#8220;off&#8220; button_one_text_size__hover_enabled=&#8220;off&#8220; button_two_text_size__hover_enabled=&#8220;off&#8220; button_text_color__hover_enabled=&#8220;off&#8220; button_one_text_color__hover_enabled=&#8220;off&#8220; button_two_text_color__hover_enabled=&#8220;off&#8220; button_border_width__hover_enabled=&#8220;off&#8220; button_one_border_width__hover_enabled=&#8220;off&#8220; button_two_border_width__hover_enabled=&#8220;off&#8220; button_border_color__hover_enabled=&#8220;off&#8220; button_one_border_color__hover_enabled=&#8220;off&#8220; button_two_border_color__hover_enabled=&#8220;off&#8220; button_border_radius__hover_enabled=&#8220;off&#8220; button_one_border_radius__hover_enabled=&#8220;off&#8220; button_two_border_radius__hover_enabled=&#8220;off&#8220; button_letter_spacing__hover_enabled=&#8220;off&#8220; button_one_letter_spacing__hover_enabled=&#8220;off&#8220; button_two_letter_spacing__hover_enabled=&#8220;off&#8220; button_bg_color__hover_enabled=&#8220;off&#8220; button_one_bg_color__hover_enabled=&#8220;off&#8220; button_two_bg_color__hover_enabled=&#8220;off&#8220;][\/et_pb_contact_field][et_pb_contact_field field_id=&#8220;Email&#8220; field_title=&#8220;E-Mail-Adresse&#8220; field_type=&#8220;email&#8220; _builder_version=&#8220;4.16&#8243; global_colors_info=&#8220;{}&#8220; button_text_size__hover_enabled=&#8220;off&#8220; button_one_text_size__hover_enabled=&#8220;off&#8220; button_two_text_size__hover_enabled=&#8220;off&#8220; button_text_color__hover_enabled=&#8220;off&#8220; button_one_text_color__hover_enabled=&#8220;off&#8220; button_two_text_color__hover_enabled=&#8220;off&#8220; button_border_width__hover_enabled=&#8220;off&#8220; button_one_border_width__hover_enabled=&#8220;off&#8220; button_two_border_width__hover_enabled=&#8220;off&#8220; button_border_color__hover_enabled=&#8220;off&#8220; button_one_border_color__hover_enabled=&#8220;off&#8220; button_two_border_color__hover_enabled=&#8220;off&#8220; button_border_radius__hover_enabled=&#8220;off&#8220; button_one_border_radius__hover_enabled=&#8220;off&#8220; button_two_border_radius__hover_enabled=&#8220;off&#8220; button_letter_spacing__hover_enabled=&#8220;off&#8220; button_one_letter_spacing__hover_enabled=&#8220;off&#8220; button_two_letter_spacing__hover_enabled=&#8220;off&#8220; button_bg_color__hover_enabled=&#8220;off&#8220; button_one_bg_color__hover_enabled=&#8220;off&#8220; button_two_bg_color__hover_enabled=&#8220;off&#8220;][\/et_pb_contact_field][\/et_pb_contact_form][\/et_pb_column][et_pb_column type=&#8220;1_2&#8243; _builder_version=&#8220;4.16&#8243; _module_preset=&#8220;default&#8220; global_colors_info=&#8220;{}&#8220;][et_pb_blurb content_max_width=&#8220;1100px&#8220; _builder_version=&#8220;4.27.2&#8243; _module_preset=&#8220;default&#8220; header_font=&#8220;Crimson Text||||||||&#8220; header_text_color=&#8220;#B44715&#8243; header_font_size=&#8220;24px&#8220; header_line_height=&#8220;1.5em&#8220; body_font=&#8220;Karla||||||||&#8220; body_text_color=&#8220;#B44715&#8243; body_font_size=&#8220;18px&#8220; background_layout=&#8220;dark&#8220; header_font_size_tablet=&#8220;20px&#8220; header_font_size_phone=&#8220;18px&#8220; header_font_size_last_edited=&#8220;on|phone&#8220; header_line_height_tablet=&#8220;&#8220; header_line_height_phone=&#8220;1.8em&#8220; header_line_height_last_edited=&#8220;on|phone&#8220; body_font_size_tablet=&#8220;&#8220; body_font_size_phone=&#8220;14px&#8220; body_font_size_last_edited=&#8220;on|phone&#8220; locked=&#8220;off&#8220; global_colors_info=&#8220;{}&#8220;]<\/p>\n<p style=\"text-align: justify;\">Terminabsprachen bzw. R\u00fccksprachen erteile ich am liebsten telefonisch unter der <strong>Tel.-Nr. 07681- 493 73 88<\/strong>.<\/p>\n<p style=\"text-align: justify;\">Bitte legen Sie nicht auf, falls Sie mich nicht pers\u00f6nlich erreichen, da ich in der Regel w\u00e4hrend laufender Behandlungen im Sinne der Patienten nicht ans Telefon gehe. Hinterlassen Sie dann bitte auf dem Anrufbeantworter eine Nachricht mit Ihrem Namen, Ihrer Rufnummer und wann ich Sie am besten zur\u00fcckrufen kann.<\/p>\n<p>[\/et_pb_blurb][\/et_pb_column][\/et_pb_row][\/et_pb_section]<\/p>\n","protected":false},"excerpt":{"rendered":"<p>PhilosophieGanzheitliche TherapieGanzheitliche Unterst\u00fctzung orientiert sich daran die Selbstheilkr\u00e4fte unseres wunderbaren K\u00f6rpers zu f\u00f6rdern, damit wieder Fluss, Regeneration und somit echte Heilung geschieht. Jede\/r von uns hat eine K\u00f6rperintelligenz. Diese ist grunds\u00e4tzlich so angelegt, dass sie immer bestrebt ist, zu unserem gr\u00f6\u00dftm\u00f6glichen Wohl zu wirken und unseren Lebensfluss zu unterst\u00fctzen. Sind jedoch gr\u00f6\u00dfere Defizite, Blockaden, Energieflussst\u00f6rungen [&hellip;]<\/p>\n","protected":false},"author":1,"featured_media":0,"parent":0,"menu_order":0,"comment_status":"closed","ping_status":"closed","template":"","meta":{"_et_pb_use_builder":"on","_et_pb_old_content":"","_et_gb_content_width":"","footnotes":""},"class_list":["post-177","page","type-page","status-publish","hentry"],"_links":{"self":[{"href":"https:\/\/birgitrieke.de\/index.php\/wp-json\/wp\/v2\/pages\/177","targetHints":{"allow":["GET"]}}],"collection":[{"href":"https:\/\/birgitrieke.de\/index.php\/wp-json\/wp\/v2\/pages"}],"about":[{"href":"https:\/\/birgitrieke.de\/index.php\/wp-json\/wp\/v2\/types\/page"}],"author":[{"embeddable":true,"href":"https:\/\/birgitrieke.de\/index.php\/wp-json\/wp\/v2\/users\/1"}],"replies":[{"embeddable":true,"href":"https:\/\/birgitrieke.de\/index.php\/wp-json\/wp\/v2\/comments?post=177"}],"version-history":[{"count":6,"href":"https:\/\/birgitrieke.de\/index.php\/wp-json\/wp\/v2\/pages\/177\/revisions"}],"predecessor-version":[{"id":445,"href":"https:\/\/birgitrieke.de\/index.php\/wp-json\/wp\/v2\/pages\/177\/revisions\/445"}],"wp:attachment":[{"href":"https:\/\/birgitrieke.de\/index.php\/wp-json\/wp\/v2\/media?parent=177"}],"curies":[{"name":"wp","href":"https:\/\/api.w.org\/{rel}","templated":true}]}}