{"id":270,"date":"2024-10-16T13:11:27","date_gmt":"2024-10-16T13:11:27","guid":{"rendered":"https:\/\/neu.birgitrieke.de\/?page_id=270"},"modified":"2024-10-25T15:10:39","modified_gmt":"2024-10-25T15:10:39","slug":"feedback-stimmen","status":"publish","type":"page","link":"https:\/\/birgitrieke.de\/index.php\/feedback-stimmen\/","title":{"rendered":"Feedback \/ Stimmen"},"content":{"rendered":"<p>[et_pb_section fb_built=&#8220;1&#8243; admin_label=&#8220;Classes&#8220; module_id=&#8220;therapie&#8220; _builder_version=&#8220;4.27.2&#8243; _module_preset=&#8220;default&#8220; background_color=&#8220;#f9f2ed&#8220; custom_padding=&#8220;1px||||false|false&#8220; global_colors_info=&#8220;{}&#8220;][et_pb_row column_structure=&#8220;2_5,3_5&#8243; _builder_version=&#8220;4.27.2&#8243; _module_preset=&#8220;default&#8220; custom_padding=&#8220;0px||0px||false|false&#8220; box_shadow_style=&#8220;preset4&#8243; box_shadow_horizontal=&#8220;30vw&#8220; box_shadow_vertical=&#8220;0px&#8220; box_shadow_color=&#8220;#B44715&#8243; global_colors_info=&#8220;{}&#8220;][et_pb_column type=&#8220;2_5&#8243; _builder_version=&#8220;4.27.2&#8243; _module_preset=&#8220;default&#8220; global_colors_info=&#8220;{}&#8220;][\/et_pb_column][et_pb_column type=&#8220;3_5&#8243; _builder_version=&#8220;4.27.2&#8243; _module_preset=&#8220;default&#8220; background_color=&#8220;#B44715&#8243; transform_translate=&#8220;1px|0px&#8220; transform_translate_linked=&#8220;off&#8220; custom_padding=&#8220;2vw||2vw|4vw|true|false&#8220; custom_padding_tablet=&#8220;&#8220; custom_padding_phone=&#8220;|||8vw|true|false&#8220; custom_padding_last_edited=&#8220;on|desktop&#8220; global_colors_info=&#8220;{}&#8220;][et_pb_text _builder_version=&#8220;4.27.2&#8243; _module_preset=&#8220;default&#8220; header_font=&#8220;Crimson Text||||||||&#8220; header_font_size=&#8220;68px&#8220; background_layout=&#8220;dark&#8220; max_width=&#8220;750px&#8220; max_width_tablet=&#8220;&#8220; max_width_phone=&#8220;&#8220; max_width_last_edited=&#8220;on|phone&#8220; header_font_size_tablet=&#8220;60px&#8220; header_font_size_phone=&#8220;30px&#8220; header_font_size_last_edited=&#8220;on|phone&#8220; header_line_height_tablet=&#8220;&#8220; header_line_height_phone=&#8220;1.2em&#8220; header_line_height_last_edited=&#8220;on|tablet&#8220; locked=&#8220;off&#8220; global_colors_info=&#8220;{}&#8220;]<\/p>\n<h1>Feedback \/ Stimmen<\/h1>\n<p>[\/et_pb_text][\/et_pb_column][\/et_pb_row][\/et_pb_section][et_pb_section fb_built=&#8220;1&#8243; admin_label=&#8220;Classes&#8220; _builder_version=&#8220;4.16&#8243; _module_preset=&#8220;default&#8220; global_colors_info=&#8220;{}&#8220;][et_pb_row column_structure=&#8220;2_5,3_5&#8243; _builder_version=&#8220;4.27.2&#8243; _module_preset=&#8220;default&#8220; background_enable_color=&#8220;off&#8220; global_colors_info=&#8220;{}&#8220;][et_pb_column type=&#8220;2_5&#8243; _builder_version=&#8220;4.27.2&#8243; _module_preset=&#8220;default&#8220; background_color=&#8220;#B44715&#8243; background_image=&#8220;https:\/\/birgitrieke.de\/wp-content\/uploads\/2024\/10\/meditation-center-11.png&#8220; custom_padding=&#8220;50px|50px|50px|50px|true|true&#8220; custom_padding_tablet=&#8220;|40px||40px|true|true&#8220; custom_padding_phone=&#8220;30px|20px|30px|20px|true|true&#8220; custom_padding_last_edited=&#8220;on|tablet&#8220; global_colors_info=&#8220;{}&#8220;][et_pb_text _builder_version=&#8220;4.27.2&#8243; _module_preset=&#8220;default&#8220; text_font=&#8220;Karla||||||||&#8220; text_font_size=&#8220;18px&#8220; text_line_height=&#8220;1.8em&#8220; background_layout=&#8220;dark&#8220; custom_padding=&#8220;0px|||||&#8220; text_font_size_tablet=&#8220;18px&#8220; text_font_size_phone=&#8220;14px&#8220; text_font_size_last_edited=&#8220;on|phone&#8220; global_colors_info=&#8220;{}&#8220;]<\/p>\n<p style=\"text-align: justify;\">\n<p style=\"text-align: justify;\">DIe Behandlungen, welche ich nunmehr seit zwei Jahrzehnten genie\u00dfe, sind jedes Mal von Erfolg gekr\u00f6nt.<\/p>\n<p style=\"text-align: justify;\">Unterschiedlichste gesundheit-liche Beeintr\u00e4chtigungen wie z.B. Infekte, muskul\u00e4re Probleme, unspezifische Schmerzen werden professionell und erfolgreich \u2013 meist mit lang-anhaltendem Erfolg \u2013 behandelt.<\/p>\n<p style=\"text-align: justify;\">Wenige Interventionen reichen aus, um Linderung herbeizuf\u00fchren. Die ganzheitliche Praxis von Birgit Rieke ist eine Bereicherung des \u00f6rtlichen Gesundheitssektors.<\/p>\n<p>Susanne<\/p>\n<p style=\"text-align: justify;\">\n<p>[\/et_pb_text][\/et_pb_column][et_pb_column type=&#8220;3_5&#8243; _builder_version=&#8220;4.27.2&#8243; _module_preset=&#8220;default&#8220; background_color=&#8220;#E09900&#8243; background_image=&#8220;https:\/\/birgitrieke.de\/wp-content\/uploads\/2024\/10\/meditation-center-11.png&#8220; custom_padding=&#8220;50px|50px|50px|50px|true|true&#8220; custom_padding_tablet=&#8220;|40px||40px|true|true&#8220; custom_padding_phone=&#8220;30px|20px|30px|20px|true|true&#8220; custom_padding_last_edited=&#8220;on|tablet&#8220; global_colors_info=&#8220;{}&#8220;][et_pb_text _builder_version=&#8220;4.27.2&#8243; _module_preset=&#8220;default&#8220; text_font=&#8220;Karla||||||||&#8220; text_font_size=&#8220;18px&#8220; text_line_height=&#8220;1.8em&#8220; background_layout=&#8220;dark&#8220; text_font_size_tablet=&#8220;&#8220; text_font_size_phone=&#8220;14px&#8220; text_font_size_last_edited=&#8220;on|phone&#8220; locked=&#8220;off&#8220; global_colors_info=&#8220;{}&#8220;]<\/p>\n<p style=\"text-align: justify;\">Birgit Rieke ist eine fachlich sehr erfahrene, sehr versierte und im Umgang sehr feine und achtsame, aufmerksame Heilpraktikerin. Mein K\u00f6rper war u.a. nach einem Bandscheibenvorfall mit Beinl\u00e4hmng auf verschiedenen Ebenen aus dem Lot (k\u00f6rperliche, emotionale, seelische Ebene).<\/p>\n<p style=\"text-align: justify;\">Bei der ersten Behandlung erkannte sie durch kinesiologische Austestung, was \/wo das Problem lag. Die Behandlung, die dann folgte war ein Schl\u00fcsselereignis bzw. die Basis, dass es mir St\u00fcck f\u00fcr St\u00fcck besser ging und andere Therapien (zB. Craniosakraltherapie) \u00fcberhaupt erst wieder vom K\u00f6rper angenommen wurden bzw. wieder halfen.<\/p>\n<p style=\"text-align: justify;\">Ich kann sie und ihre Arbeit uneingeschr\u00e4nkt empfehlen.<\/p>\n<p>Christiane<\/p>\n<p>[\/et_pb_text][\/et_pb_column][\/et_pb_row][et_pb_row column_structure=&#8220;3_5,2_5&#8243; _builder_version=&#8220;4.27.2&#8243; _module_preset=&#8220;default&#8220; background_enable_color=&#8220;off&#8220; global_colors_info=&#8220;{}&#8220;][et_pb_column type=&#8220;3_5&#8243; _builder_version=&#8220;4.27.2&#8243; _module_preset=&#8220;default&#8220; background_color=&#8220;#e09900&#8243; background_image=&#8220;https:\/\/birgitrieke.de\/wp-content\/uploads\/2024\/10\/meditation-center-11.png&#8220; custom_padding=&#8220;50px|50px|50px|50px|true|true&#8220; custom_padding_tablet=&#8220;|40px||40px|true|true&#8220; custom_padding_phone=&#8220;30px|20px|30px|20px|true|true&#8220; custom_padding_last_edited=&#8220;on|tablet&#8220; global_colors_info=&#8220;{}&#8220;][et_pb_text _builder_version=&#8220;4.27.2&#8243; _module_preset=&#8220;default&#8220; text_font=&#8220;Karla||||||||&#8220; text_font_size=&#8220;18px&#8220; text_line_height=&#8220;1.8em&#8220; background_layout=&#8220;dark&#8220; text_font_size_tablet=&#8220;&#8220; text_font_size_phone=&#8220;14px&#8220; text_font_size_last_edited=&#8220;on|phone&#8220; locked=&#8220;off&#8220; global_colors_info=&#8220;{}&#8220;]<\/p>\n<p style=\"text-align: justify;\">Zu Frau Rieke kam ich aufgrund eines Frauenarztbesuches mit positiven PAP-Wert.<br \/>Anfangs war ich \u00fcberfordert, unsicher, eine emotionale Achterbahn war in mir&#8230; und ich dachte \u201enie im Leben stecke ich mir die Chemie jeden Abend rein. Da muss es doch andere M\u00f6glichkeiten geben.\u201c <br \/>Als ich von meiner Mutter von der Heilpraxis h\u00f6rte und Kontakt aufnahm beeindruckte es mich, dass ich recht schnell einen Termin bekam, obwohl Fr. Rieke ein strammes Arbeitskonto hatte. Sie beruhigte mich bereits am Telefon, was sehr gut tat. <br \/>W\u00e4hrend dieser einen Behandlung ging sie Schritt f\u00fcr Schritt vor, unterst\u00fctzte meinen Unterleib verschiedenartig und verordnete mir ein Naturheilmittel. Ich bin sehr dankbar, dass ich so liebevoll abgeholt wurde und mich gleich verstanden f\u00fchlte, so dass ich rasch Hoffnung und Zuversicht fand. Der n\u00e4chste Frauenarztbesuch best\u00e4tigte mein gutes Gef\u00fchl.<br \/>Meine Mutter und ich werden immer wieder zu Frau Rieke gehen, da wir sie und ihre vielf\u00e4ltige Arbeit sehr sch\u00e4tzen.<\/p>\n<p style=\"text-align: justify;\">Tanja<\/p>\n<p>[\/et_pb_text][\/et_pb_column][et_pb_column type=&#8220;2_5&#8243; _builder_version=&#8220;4.27.2&#8243; _module_preset=&#8220;default&#8220; background_color=&#8220;#B44715&#8243; background_image=&#8220;https:\/\/birgitrieke.de\/wp-content\/uploads\/2024\/10\/meditation-center-11.png&#8220; custom_padding=&#8220;50px|50px|50px|50px|true|true&#8220; custom_padding_tablet=&#8220;|40px||40px|true|true&#8220; custom_padding_phone=&#8220;30px|20px|30px|20px|true|true&#8220; custom_padding_last_edited=&#8220;on|tablet&#8220; global_colors_info=&#8220;{}&#8220;][et_pb_text _builder_version=&#8220;4.27.2&#8243; _module_preset=&#8220;default&#8220; text_font=&#8220;Karla||||||||&#8220; text_font_size=&#8220;18px&#8220; text_line_height=&#8220;1.8em&#8220; background_layout=&#8220;dark&#8220; text_font_size_tablet=&#8220;18px&#8220; text_font_size_phone=&#8220;14px&#8220; text_font_size_last_edited=&#8220;on|phone&#8220; global_colors_info=&#8220;{}&#8220;]<\/p>\n<p style=\"text-align: justify;\">Meine Mutter hatte jahrelang eine chronische Blasenentz\u00fcndung mit dauerhaften, stetigen Schmerzen. Von den Allgemein\u00e4rzten bekam sie leider andauernd Antibiotika und statt einer Verbesserung wurde es eher immer schlechter.<br \/>Frau Rieke h\u00f6rte ihr aufmerksam zu, unterst\u00fctzte sie liebevoll und f\u00fcrsorglich.<\/p>\n<p style=\"text-align: justify;\">Meine Mutter bekam rasch Linderung, Heilung. Sie hat bis heute keine weitere Blasenentz\u00fcndung mehr.<\/p>\n<p style=\"text-align: justify;\">Margot<\/p>\n<p>[\/et_pb_text][\/et_pb_column][\/et_pb_row][et_pb_row column_structure=&#8220;2_5,3_5&#8243; _builder_version=&#8220;4.27.2&#8243; _module_preset=&#8220;default&#8220; background_enable_color=&#8220;off&#8220; global_colors_info=&#8220;{}&#8220;][et_pb_column type=&#8220;2_5&#8243; _builder_version=&#8220;4.27.2&#8243; _module_preset=&#8220;default&#8220; background_color=&#8220;#B44715&#8243; background_image=&#8220;https:\/\/birgitrieke.de\/wp-content\/uploads\/2024\/10\/meditation-center-11.png&#8220; custom_padding=&#8220;50px|50px|50px|50px|true|true&#8220; custom_padding_tablet=&#8220;|40px||40px|true|true&#8220; custom_padding_phone=&#8220;30px|20px|30px|20px|true|true&#8220; custom_padding_last_edited=&#8220;on|tablet&#8220; global_colors_info=&#8220;{}&#8220;][et_pb_text _builder_version=&#8220;4.27.2&#8243; _module_preset=&#8220;default&#8220; text_font=&#8220;Karla||||||||&#8220; text_font_size=&#8220;18px&#8220; text_line_height=&#8220;1.8em&#8220; background_layout=&#8220;dark&#8220; text_font_size_tablet=&#8220;&#8220; text_font_size_phone=&#8220;14px&#8220; text_font_size_last_edited=&#8220;on|phone&#8220; locked=&#8220;off&#8220; global_colors_info=&#8220;{}&#8220;]<\/p>\n<p style=\"text-align: justify;\">Durch meine Long Covid Erkrankung war ich am tiefsten Punkt in meinem Leben und f\u00fchlte mich lebendig begraben.<\/p>\n<p style=\"text-align: justify;\">Frau Rieke f\u00fchrte mich durch ihre individuelle und einf\u00fchlsame Art, ihren Analysen \u00fcber das Unterbewusste sowie den daraus resultierenden Behandlungen wieder schrittweise ans \u201eLicht\u201c im Leben.<\/p>\n<p style=\"text-align: justify;\">Meine Ersch\u00f6pfungszust\u00e4nde wurden weniger und die Lebens-energie kam zur\u00fcck.<\/p>\n<p>Michael<\/p>\n<p>[\/et_pb_text][\/et_pb_column][et_pb_column type=&#8220;3_5&#8243; _builder_version=&#8220;4.27.2&#8243; _module_preset=&#8220;default&#8220; background_color=&#8220;#E09900&#8243; background_image=&#8220;https:\/\/birgitrieke.de\/wp-content\/uploads\/2024\/10\/meditation-center-11.png&#8220; custom_padding=&#8220;50px|50px|50px|50px|true|true&#8220; custom_padding_tablet=&#8220;|40px||40px|true|true&#8220; custom_padding_phone=&#8220;30px|20px|30px|20px|true|true&#8220; custom_padding_last_edited=&#8220;on|tablet&#8220; global_colors_info=&#8220;{}&#8220;][et_pb_text _builder_version=&#8220;4.27.2&#8243; _module_preset=&#8220;default&#8220; text_font=&#8220;Karla||||||||&#8220; text_font_size=&#8220;18px&#8220; text_line_height=&#8220;1.8em&#8220; background_layout=&#8220;dark&#8220; text_font_size_tablet=&#8220;&#8220; text_font_size_phone=&#8220;14px&#8220; text_font_size_last_edited=&#8220;on|phone&#8220; locked=&#8220;off&#8220; global_colors_info=&#8220;{}&#8220;]<\/p>\n<p style=\"text-align: justify;\">Bereits \u00fcber 10 Jahren suche ich Birgit regelm\u00e4\u00dfig auf, wegen meines Heuschnupfens.<\/p>\n<p style=\"text-align: justify;\">Dadurch durfte ich bereits viele Behandlungsformen erleben, wie Akupunktur, Allergieklopfen oder Kinesiologie.<\/p>\n<p style=\"text-align: justify;\">Birgit konnte meine oftmals sehr akuten Beschwerden unmittelbar oder nach sehr kurzer Zeit lindern bzw. ganz verschwinden lassen. Durch ihre einf\u00fchlsame Art auf meine Beschwerden einzugehen, f\u00e4llt es mir bei jedem Besuch sehr leicht, mich auf die Behandlung einzulassen.<\/p>\n<p style=\"text-align: justify;\">Nach jeder Behandlung merke ich, dass mein K\u00f6rper beginnt zu \u201earbeiten\u201c und eine Art Ersch\u00f6pfung tritt ein, jedoch stets gepaart mit einem Gef\u00fchl von Zufriedenheit. Der Heuschnupfen beeintr\u00e4chtigt meinen Alltag sehr negativ wenn er am Jahresanfang mit den Fr\u00fchbl\u00fchern auftaucht, weshalb ich Birgit f\u00fcr ihre pr\u00e4gnante Unterst\u00fctzung, die dann wieder f\u00fcr ein Jahr h\u00e4lt, sehr dankbar bin.<\/p>\n<p style=\"text-align: justify;\">Fabian<\/p>\n<p>[\/et_pb_text][\/et_pb_column][\/et_pb_row][\/et_pb_section][et_pb_section fb_built=&#8220;1&#8243; admin_label=&#8220;Footer&#8220; _builder_version=&#8220;4.27.2&#8243; _module_preset=&#8220;default&#8220; background_color=&#8220;#fbddb8&#8243; custom_padding=&#8220;||10px|||&#8220; global_module=&#8220;275&#8243; saved_tabs=&#8220;all&#8220; global_colors_info=&#8220;{}&#8220;][et_pb_row column_structure=&#8220;1_3,1_3,1_3&#8243; make_equal=&#8220;on&#8220; _builder_version=&#8220;4.27.2&#8243; _module_preset=&#8220;default&#8220; global_colors_info=&#8220;{}&#8220;][et_pb_column type=&#8220;1_3&#8243; _builder_version=&#8220;4.16&#8243; _module_preset=&#8220;default&#8220; global_colors_info=&#8220;{}&#8220;][et_pb_image src=&#8220;https:\/\/birgitrieke.de\/wp-content\/uploads\/2024\/10\/logoweb1.png&#8220; title_text=&#8220;logoweb1&#8243; _builder_version=&#8220;4.27.2&#8243; _module_preset=&#8220;default&#8220; custom_margin=&#8220;25px||||false|false&#8220; global_colors_info=&#8220;{}&#8220;][\/et_pb_image][\/et_pb_column][et_pb_column type=&#8220;1_3&#8243; _builder_version=&#8220;4.27.2&#8243; _module_preset=&#8220;default&#8220; background_color=&#8220;#B44715&#8243; custom_padding=&#8220;40px|30px|40px|30px|true|true&#8220; global_colors_info=&#8220;{}&#8220;][et_pb_blurb title=&#8220;Adresse&#8220; _builder_version=&#8220;4.27.2&#8243; _module_preset=&#8220;default&#8220; header_font=&#8220;Crimson Text||||||||&#8220; header_font_size=&#8220;24px&#8220; header_line_height=&#8220;1.5em&#8220; body_font=&#8220;Karla||||||||&#8220; body_font_size=&#8220;18px&#8220; background_layout=&#8220;dark&#8220; header_font_size_tablet=&#8220;20px&#8220; header_font_size_phone=&#8220;18px&#8220; header_font_size_last_edited=&#8220;on|phone&#8220; header_line_height_tablet=&#8220;&#8220; header_line_height_phone=&#8220;1.8em&#8220; header_line_height_last_edited=&#8220;on|phone&#8220; body_font_size_tablet=&#8220;&#8220; body_font_size_phone=&#8220;14px&#8220; body_font_size_last_edited=&#8220;on|phone&#8220; locked=&#8220;off&#8220; global_colors_info=&#8220;{}&#8220;]<\/p>\n<p>Birgit Rieke<br \/>Benzeng\u00e4\u00dfle 9<br \/>79183 Waldkirch<\/p>\n<p>[\/et_pb_blurb][\/et_pb_column][et_pb_column type=&#8220;1_3&#8243; _builder_version=&#8220;4.27.2&#8243; _module_preset=&#8220;default&#8220; custom_padding=&#8220;40px|30px|40px|30px|true|true&#8220; border_width_all=&#8220;3px&#8220; border_color_all=&#8220;#B44715&#8243; global_colors_info=&#8220;{}&#8220;][et_pb_blurb title=&#8220;Kontakt&#8220; _builder_version=&#8220;4.27.2&#8243; _module_preset=&#8220;default&#8220; header_font=&#8220;Crimson Text||||||||&#8220; header_text_color=&#8220;#B44715&#8243; header_font_size=&#8220;24px&#8220; header_line_height=&#8220;1.5em&#8220; body_font=&#8220;Karla||||||||&#8220; body_text_color=&#8220;#B44715&#8243; body_font_size=&#8220;18px&#8220; background_layout=&#8220;dark&#8220; header_font_size_tablet=&#8220;20px&#8220; header_font_size_phone=&#8220;18px&#8220; header_font_size_last_edited=&#8220;on|phone&#8220; header_line_height_tablet=&#8220;&#8220; header_line_height_phone=&#8220;1.8em&#8220; header_line_height_last_edited=&#8220;on|phone&#8220; body_font_size_tablet=&#8220;&#8220; body_font_size_phone=&#8220;14px&#8220; body_font_size_last_edited=&#8220;on|phone&#8220; locked=&#8220;off&#8220; global_colors_info=&#8220;{}&#8220;]<\/p>\n<p align=\"center\" style=\"text-align: left;\">Tel. 07681 &#8211; 49 37 388<br \/>E-Mail-Adresse: info[at]birgitrieke.de<\/p>\n<p>[\/et_pb_blurb][\/et_pb_column][\/et_pb_row][et_pb_row column_structure=&#8220;1_2,1_2&#8243; make_equal=&#8220;on&#8220; _builder_version=&#8220;4.27.2&#8243; _module_preset=&#8220;default&#8220; global_colors_info=&#8220;{}&#8220;][et_pb_column type=&#8220;1_2&#8243; _builder_version=&#8220;4.16&#8243; _module_preset=&#8220;default&#8220; global_colors_info=&#8220;{}&#8220;][et_pb_contact_form email=&#8220;info@birgit-rieke.de&#8220; title=&#8220;Anmeldung zu meinem Newsletter&#8220; custom_message=&#8220;Newsletter Anmeldung &#8220; success_message=&#8220;Vielen Dank f\u00fcr Ihre Anmeldung. Ihre Daten werde ich selbstverst\u00e4ndlich vertraulich behandeln. &#8220; submit_button_text=&#8220;Anmelden&#8220; _builder_version=&#8220;4.27.2&#8243; _module_preset=&#8220;default&#8220; _unique_id=&#8220;fcb7e702-da40-497c-8ebf-7bf1de1fc420&#8243; form_field_background_color=&#8220;#FFFFFF&#8220; form_field_text_color=&#8220;#B44715&#8243; title_font=&#8220;Crimson Text|600|||||||&#8220; title_text_color=&#8220;#B44715&#8243; captcha_font=&#8220;Karla||||||||&#8220; captcha_text_color=&#8220;#B44715&#8243; captcha_font_size=&#8220;14px&#8220; form_field_font=&#8220;Karla||||||||&#8220; form_field_line_height=&#8220;1.4em&#8220; custom_button=&#8220;on&#8220; button_text_size=&#8220;15px&#8220; button_text_color=&#8220;#FFFFFF&#8220; button_bg_color=&#8220;#B44715&#8243; button_border_width=&#8220;0px&#8220; button_border_radius=&#8220;2px&#8220; button_font=&#8220;Karla|||on|||||&#8220; width=&#8220;100%&#8220; global_colors_info=&#8220;{}&#8220;][et_pb_contact_field field_id=&#8220;Name&#8220; field_title=&#8220;Name&#8220; _builder_version=&#8220;4.16&#8243; global_colors_info=&#8220;{}&#8220; button_text_size__hover_enabled=&#8220;off&#8220; button_one_text_size__hover_enabled=&#8220;off&#8220; button_two_text_size__hover_enabled=&#8220;off&#8220; button_text_color__hover_enabled=&#8220;off&#8220; button_one_text_color__hover_enabled=&#8220;off&#8220; button_two_text_color__hover_enabled=&#8220;off&#8220; button_border_width__hover_enabled=&#8220;off&#8220; button_one_border_width__hover_enabled=&#8220;off&#8220; button_two_border_width__hover_enabled=&#8220;off&#8220; button_border_color__hover_enabled=&#8220;off&#8220; button_one_border_color__hover_enabled=&#8220;off&#8220; button_two_border_color__hover_enabled=&#8220;off&#8220; button_border_radius__hover_enabled=&#8220;off&#8220; button_one_border_radius__hover_enabled=&#8220;off&#8220; button_two_border_radius__hover_enabled=&#8220;off&#8220; button_letter_spacing__hover_enabled=&#8220;off&#8220; button_one_letter_spacing__hover_enabled=&#8220;off&#8220; button_two_letter_spacing__hover_enabled=&#8220;off&#8220; button_bg_color__hover_enabled=&#8220;off&#8220; button_one_bg_color__hover_enabled=&#8220;off&#8220; button_two_bg_color__hover_enabled=&#8220;off&#8220;][\/et_pb_contact_field][et_pb_contact_field field_id=&#8220;Email&#8220; field_title=&#8220;E-Mail-Adresse&#8220; field_type=&#8220;email&#8220; _builder_version=&#8220;4.16&#8243; global_colors_info=&#8220;{}&#8220; button_text_size__hover_enabled=&#8220;off&#8220; button_one_text_size__hover_enabled=&#8220;off&#8220; button_two_text_size__hover_enabled=&#8220;off&#8220; button_text_color__hover_enabled=&#8220;off&#8220; button_one_text_color__hover_enabled=&#8220;off&#8220; button_two_text_color__hover_enabled=&#8220;off&#8220; button_border_width__hover_enabled=&#8220;off&#8220; button_one_border_width__hover_enabled=&#8220;off&#8220; button_two_border_width__hover_enabled=&#8220;off&#8220; button_border_color__hover_enabled=&#8220;off&#8220; button_one_border_color__hover_enabled=&#8220;off&#8220; button_two_border_color__hover_enabled=&#8220;off&#8220; button_border_radius__hover_enabled=&#8220;off&#8220; button_one_border_radius__hover_enabled=&#8220;off&#8220; button_two_border_radius__hover_enabled=&#8220;off&#8220; button_letter_spacing__hover_enabled=&#8220;off&#8220; button_one_letter_spacing__hover_enabled=&#8220;off&#8220; button_two_letter_spacing__hover_enabled=&#8220;off&#8220; button_bg_color__hover_enabled=&#8220;off&#8220; button_one_bg_color__hover_enabled=&#8220;off&#8220; button_two_bg_color__hover_enabled=&#8220;off&#8220;][\/et_pb_contact_field][\/et_pb_contact_form][\/et_pb_column][et_pb_column type=&#8220;1_2&#8243; _builder_version=&#8220;4.16&#8243; _module_preset=&#8220;default&#8220; global_colors_info=&#8220;{}&#8220;][et_pb_blurb content_max_width=&#8220;1100px&#8220; _builder_version=&#8220;4.27.2&#8243; _module_preset=&#8220;default&#8220; header_font=&#8220;Crimson Text||||||||&#8220; header_text_color=&#8220;#B44715&#8243; header_font_size=&#8220;24px&#8220; header_line_height=&#8220;1.5em&#8220; body_font=&#8220;Karla||||||||&#8220; body_text_color=&#8220;#B44715&#8243; body_font_size=&#8220;18px&#8220; background_layout=&#8220;dark&#8220; header_font_size_tablet=&#8220;20px&#8220; header_font_size_phone=&#8220;18px&#8220; header_font_size_last_edited=&#8220;on|phone&#8220; header_line_height_tablet=&#8220;&#8220; header_line_height_phone=&#8220;1.8em&#8220; header_line_height_last_edited=&#8220;on|phone&#8220; body_font_size_tablet=&#8220;&#8220; body_font_size_phone=&#8220;14px&#8220; body_font_size_last_edited=&#8220;on|phone&#8220; locked=&#8220;off&#8220; global_colors_info=&#8220;{}&#8220;]<\/p>\n<p style=\"text-align: justify;\">Terminabsprachen bzw. R\u00fccksprachen erteile ich am liebsten telefonisch unter der <strong>Tel.-Nr. 07681- 493 73 88<\/strong>.<\/p>\n<p style=\"text-align: justify;\">Bitte legen Sie nicht auf, falls Sie mich nicht pers\u00f6nlich erreichen, da ich in der Regel w\u00e4hrend laufender Behandlungen im Sinne der Patienten nicht ans Telefon gehe. Hinterlassen Sie dann bitte auf dem Anrufbeantworter eine Nachricht mit Ihrem Namen, Ihrer Rufnummer und wann ich Sie am besten zur\u00fcckrufen kann.<\/p>\n<p>[\/et_pb_blurb][\/et_pb_column][\/et_pb_row][\/et_pb_section]<\/p>\n","protected":false},"excerpt":{"rendered":"<p>Feedback \/ Stimmen DIe Behandlungen, welche ich nunmehr seit zwei Jahrzehnten genie\u00dfe, sind jedes Mal von Erfolg gekr\u00f6nt. Unterschiedlichste gesundheit-liche Beeintr\u00e4chtigungen wie z.B. Infekte, muskul\u00e4re Probleme, unspezifische Schmerzen werden professionell und erfolgreich \u2013 meist mit lang-anhaltendem Erfolg \u2013 behandelt. Wenige Interventionen reichen aus, um Linderung herbeizuf\u00fchren. Die ganzheitliche Praxis von Birgit Rieke ist eine Bereicherung [&hellip;]<\/p>\n","protected":false},"author":1,"featured_media":0,"parent":0,"menu_order":0,"comment_status":"closed","ping_status":"closed","template":"","meta":{"_et_pb_use_builder":"on","_et_pb_old_content":"","_et_gb_content_width":"","footnotes":""},"class_list":["post-270","page","type-page","status-publish","hentry"],"_links":{"self":[{"href":"https:\/\/birgitrieke.de\/index.php\/wp-json\/wp\/v2\/pages\/270","targetHints":{"allow":["GET"]}}],"collection":[{"href":"https:\/\/birgitrieke.de\/index.php\/wp-json\/wp\/v2\/pages"}],"about":[{"href":"https:\/\/birgitrieke.de\/index.php\/wp-json\/wp\/v2\/types\/page"}],"author":[{"embeddable":true,"href":"https:\/\/birgitrieke.de\/index.php\/wp-json\/wp\/v2\/users\/1"}],"replies":[{"embeddable":true,"href":"https:\/\/birgitrieke.de\/index.php\/wp-json\/wp\/v2\/comments?post=270"}],"version-history":[{"count":11,"href":"https:\/\/birgitrieke.de\/index.php\/wp-json\/wp\/v2\/pages\/270\/revisions"}],"predecessor-version":[{"id":440,"href":"https:\/\/birgitrieke.de\/index.php\/wp-json\/wp\/v2\/pages\/270\/revisions\/440"}],"wp:attachment":[{"href":"https:\/\/birgitrieke.de\/index.php\/wp-json\/wp\/v2\/media?parent=270"}],"curies":[{"name":"wp","href":"https:\/\/api.w.org\/{rel}","templated":true}]}}