{"id":51,"date":"2024-10-08T07:54:39","date_gmt":"2024-10-08T07:54:39","guid":{"rendered":"https:\/\/neu.birgitrieke.de\/?page_id=51"},"modified":"2025-12-08T09:17:53","modified_gmt":"2025-12-08T09:17:53","slug":"impressum","status":"publish","type":"page","link":"https:\/\/birgitrieke.de\/index.php\/impressum\/","title":{"rendered":"Impressum"},"content":{"rendered":"<p>[et_pb_section fb_built=&#8220;1&#8243; _builder_version=&#8220;4.27.2&#8243; _module_preset=&#8220;default&#8220; global_colors_info=&#8220;{}&#8220;][et_pb_row _builder_version=&#8220;4.27.2&#8243; _module_preset=&#8220;default&#8220; custom_padding=&#8220;40px|||||&#8220; global_colors_info=&#8220;{}&#8220;][et_pb_column type=&#8220;4_4&#8243; _builder_version=&#8220;4.27.2&#8243; _module_preset=&#8220;default&#8220; global_colors_info=&#8220;{}&#8220;][et_pb_text _builder_version=&#8220;4.27.2&#8243; _module_preset=&#8220;default&#8220; text_font=&#8220;Karla||||||||&#8220; text_font_size=&#8220;19px&#8220; text_line_height=&#8220;1.8em&#8220; header_font=&#8220;Crimson Text||||||||&#8220; header_text_color=&#8220;#B44715&#8243; header_font_size=&#8220;34px&#8220; header_2_font=&#8220;Crimson Text||||||||&#8220; header_2_text_color=&#8220;#B44715&#8243; header_2_font_size=&#8220;28px&#8220; text_orientation=&#8220;center&#8220; custom_margin=&#8220;||-8px||false|false&#8220; text_font_size_tablet=&#8220;19px&#8220; text_font_size_phone=&#8220;14px&#8220; text_font_size_last_edited=&#8220;on|phone&#8220; global_colors_info=&#8220;{}&#8220;]<\/p>\n<h1 style=\"text-align: left;\">Impressum<\/h1>\n<p style=\"text-align: left;\">\n<p style=\"text-align: left;\">Verantwortlich f\u00fcr den Inhalt:<\/p>\n<p style=\"text-align: left;\">Birgit Rieke, Heilpraktikerin <br \/>Benzeng\u00e4\u00dfle 9<br \/>79183 Waldkirch<\/p>\n<p style=\"text-align: left;\"><strong>Tel.<\/strong> 07681 \/ 49 37 388<\/p>\n<p style=\"text-align: left;\"><strong>E-Mail:<\/strong> info@birgitrieke.de<\/p>\n<p style=\"text-align: left;\">Als Heilpraktikerin t\u00e4tig aufgrund der &#8218;Erlaubnis zur Aus\u00fcbung der Heilkunde ohne Bestallung&#8216; gem\u00e4ss \u00a71 Abs.1 Heilpraktikergesetz vom 17.2.1939 \u00fcber die Aus\u00fcbung der Heilkunde ohne Bestallung.<\/p>\n<p style=\"text-align: left;\">Die Erlaubnis vom 21.06.1989 wurde durch das Amt f\u00fcr \u00d6ffentliche Ordnung der Stadt Freiburg erteilt.<\/p>\n<p style=\"text-align: left;\">Die T\u00e4tigkeit als Heilpraktiker basiert auf dem Heilpraktikergesetz und der 1. Durchf\u00fchrungsverordnung zum Heilpraktikergesetz. Berufsst\u00e4ndische Regelungen befinden sich in der Berufsordnung f\u00fcr Heilpraktiker, der Ethikerkl\u00e4rung des Fachverbandes Deutscher Heilpraktiker und im Geb\u00fchrenverzeichnis f\u00fcr Heilpraktiker. Alle Regelungen k\u00f6nnen in der Homepage des Fachverband Deutscher Heilpraktiker e.V. eingesehen werden.<\/p>\n<p style=\"text-align: left;\">Alle Bilder von Birgit Rieke ausgenommen:<\/p>\n<p style=\"text-align: left;\">unter Entscheidender Faktor: Photocase 522986357536 Lichtblatt<\/p>\n<p style=\"text-align: left;\">\n<p style=\"text-align: left;\"><strong>Websiterstellung und Gestaltung:<\/strong> Andrea Widegreen, <a href=\"https:\/\/widegreenideas.de\/\">widegreenideas.de<\/a><\/p>\n<p>[\/et_pb_text][\/et_pb_column][\/et_pb_row][\/et_pb_section]<\/p>\n","protected":false},"excerpt":{"rendered":"<p>Impressum Verantwortlich f\u00fcr den Inhalt: Birgit Rieke, Heilpraktikerin Benzeng\u00e4\u00dfle 979183 Waldkirch Tel. 07681 \/ 49 37 388 E-Mail: info@birgitrieke.de Als Heilpraktikerin t\u00e4tig aufgrund der &#8218;Erlaubnis zur Aus\u00fcbung der Heilkunde ohne Bestallung&#8216; gem\u00e4ss \u00a71 Abs.1 Heilpraktikergesetz vom 17.2.1939 \u00fcber die Aus\u00fcbung der Heilkunde ohne Bestallung. Die Erlaubnis vom 21.06.1989 wurde durch das Amt f\u00fcr \u00d6ffentliche Ordnung [&hellip;]<\/p>\n","protected":false},"author":1,"featured_media":0,"parent":0,"menu_order":0,"comment_status":"closed","ping_status":"closed","template":"","meta":{"_et_pb_use_builder":"on","_et_pb_old_content":"","_et_gb_content_width":"","footnotes":""},"class_list":["post-51","page","type-page","status-publish","hentry"],"_links":{"self":[{"href":"https:\/\/birgitrieke.de\/index.php\/wp-json\/wp\/v2\/pages\/51","targetHints":{"allow":["GET"]}}],"collection":[{"href":"https:\/\/birgitrieke.de\/index.php\/wp-json\/wp\/v2\/pages"}],"about":[{"href":"https:\/\/birgitrieke.de\/index.php\/wp-json\/wp\/v2\/types\/page"}],"author":[{"embeddable":true,"href":"https:\/\/birgitrieke.de\/index.php\/wp-json\/wp\/v2\/users\/1"}],"replies":[{"embeddable":true,"href":"https:\/\/birgitrieke.de\/index.php\/wp-json\/wp\/v2\/comments?post=51"}],"version-history":[{"count":6,"href":"https:\/\/birgitrieke.de\/index.php\/wp-json\/wp\/v2\/pages\/51\/revisions"}],"predecessor-version":[{"id":530,"href":"https:\/\/birgitrieke.de\/index.php\/wp-json\/wp\/v2\/pages\/51\/revisions\/530"}],"wp:attachment":[{"href":"https:\/\/birgitrieke.de\/index.php\/wp-json\/wp\/v2\/media?parent=51"}],"curies":[{"name":"wp","href":"https:\/\/api.w.org\/{rel}","templated":true}]}}